{"id":14363,"date":"2022-11-09T12:47:27","date_gmt":"2022-11-09T09:47:27","guid":{"rendered":"https:\/\/www.kozhukuk.com\/blog\/"},"modified":"2022-12-20T23:55:41","modified_gmt":"2022-12-20T20:55:41","slug":"blog","status":"publish","type":"page","link":"https:\/\/www.kozhukuk.com\/en\/blog\/","title":{"rendered":"Blog"},"content":{"rendered":"\t\t<div data-elementor-type=\"wp-page\" data-elementor-id=\"14363\" class=\"elementor elementor-14363 elementor-14164\" data-elementor-post-type=\"page\">\n\t\t\t\t\t\t<section class=\"elementor-section elementor-top-section elementor-element elementor-element-49ed226 elementor-section-boxed elementor-section-height-default elementor-section-height-default\" data-id=\"49ed226\" data-element_type=\"section\">\n\t\t\t\t\t\t<div class=\"elementor-container elementor-column-gap-default\">\n\t\t\t\t\t<div class=\"elementor-column elementor-col-100 elementor-top-column elementor-element elementor-element-587a0e1\" data-id=\"587a0e1\" data-element_type=\"column\">\n\t\t\t<div class=\"elementor-widget-wrap elementor-element-populated\">\n\t\t\t\t\t\t<div class=\"elementor-element elementor-element-1b107ad elementor-widget elementor-widget-rsblog\" data-id=\"1b107ad\" data-element_type=\"widget\" data-widget_type=\"rsblog.default\">\n\t\t\t\t<div class=\"elementor-widget-container\">\n\t\t\t\t\t\t<div class=\"rs-blog-grid blog-grid\">\r\n\t\t\t\t<div class=\"row\">\r\n\t\t\t\t \t\t\t\t\t<\/div>\r\n\r\n\t\t\t\t\r\n\t\t\t<\/div>\r\n\t\t\t\t<\/div>\n\t\t\t\t<\/div>\n\t\t\t\t\t<\/div>\n\t\t<\/div>\n\t\t\t\t\t<\/div>\n\t\t<\/section>\n\t\t\t\t<\/div>\n\t\t","protected":false},"excerpt":{"rendered":"<p>Recommendation Minimum Wage Chart Updated G\u00fcn\u00fcn ekonomik ko\u015fullar\u0131na uygun olarak 08.09.2022-31.12.2022 tarihleri aras\u0131\u00a0 Avukat-Vekileden Aras\u0131ndaki&#8230; Read More<\/p>\n","protected":false},"author":1,"featured_media":0,"parent":0,"menu_order":0,"comment_status":"closed","ping_status":"closed","template":"","meta":{"footnotes":""},"class_list":["post-14363","page","type-page","status-publish","hentry"],"_links":{"self":[{"href":"https:\/\/www.kozhukuk.com\/en\/wp-json\/wp\/v2\/pages\/14363","targetHints":{"allow":["GET"]}}],"collection":[{"href":"https:\/\/www.kozhukuk.com\/en\/wp-json\/wp\/v2\/pages"}],"about":[{"href":"https:\/\/www.kozhukuk.com\/en\/wp-json\/wp\/v2\/types\/page"}],"author":[{"embeddable":true,"href":"https:\/\/www.kozhukuk.com\/en\/wp-json\/wp\/v2\/users\/1"}],"replies":[{"embeddable":true,"href":"https:\/\/www.kozhukuk.com\/en\/wp-json\/wp\/v2\/comments?post=14363"}],"version-history":[{"count":9,"href":"https:\/\/www.kozhukuk.com\/en\/wp-json\/wp\/v2\/pages\/14363\/revisions"}],"predecessor-version":[{"id":14374,"href":"https:\/\/www.kozhukuk.com\/en\/wp-json\/wp\/v2\/pages\/14363\/revisions\/14374"}],"wp:attachment":[{"href":"https:\/\/www.kozhukuk.com\/en\/wp-json\/wp\/v2\/media?parent=14363"}],"curies":[{"name":"wp","href":"https:\/\/api.w.org\/{rel}","templated":true}]}}