{"id":14375,"date":"2022-11-16T17:35:28","date_gmt":"2022-11-16T14:35:28","guid":{"rendered":"https:\/\/www.kozhukuk.com\/ekibimiz\/"},"modified":"2024-06-13T16:26:52","modified_gmt":"2024-06-13T13:26:52","slug":"ekibimiz","status":"publish","type":"page","link":"https:\/\/www.kozhukuk.com\/en\/ekibimiz\/","title":{"rendered":"Our Team"},"content":{"rendered":"\t\t<div data-elementor-type=\"wp-page\" data-elementor-id=\"14375\" class=\"elementor elementor-14375 elementor-14194\" data-elementor-post-type=\"page\">\n\t\t\t\t\t\t<section class=\"elementor-section elementor-top-section elementor-element elementor-element-7405a44 elementor-section-boxed elementor-section-height-default elementor-section-height-default\" data-id=\"7405a44\" data-element_type=\"section\">\n\t\t\t\t\t\t<div class=\"elementor-container elementor-column-gap-default\">\n\t\t\t\t\t<div class=\"elementor-column elementor-col-33 elementor-top-column elementor-element elementor-element-9cd2d32\" data-id=\"9cd2d32\" data-element_type=\"column\">\n\t\t\t<div class=\"elementor-widget-wrap elementor-element-populated\">\n\t\t\t\t\t\t<div class=\"elementor-element elementor-element-d52d3ca elementor-widget elementor-widget-image\" data-id=\"d52d3ca\" data-element_type=\"widget\" data-widget_type=\"image.default\">\n\t\t\t\t<div class=\"elementor-widget-container\">\n\t\t\t<style>\/*! elementor - v3.19.0 - 28-02-2024 *\/\n.elementor-widget-image{text-align:center}.elementor-widget-image a{display:inline-block}.elementor-widget-image a img[src$=\".svg\"]{width:48px}.elementor-widget-image img{vertical-align:middle;display:inline-block}<\/style>\t\t\t\t\t\t\t\t\t\t<img decoding=\"async\" width=\"150\" height=\"150\" src=\"https:\/\/www.kozhukuk.com\/wp-content\/uploads\/2024\/06\/favicon-1-150x150.png\" class=\"attachment-thumbnail size-thumbnail wp-image-14425\" alt=\"\" srcset=\"https:\/\/www.kozhukuk.com\/wp-content\/uploads\/2024\/06\/favicon-1-150x150.png 150w, https:\/\/www.kozhukuk.com\/wp-content\/uploads\/2024\/06\/favicon-1.png 300w\" sizes=\"(max-width: 150px) 100vw, 150px\" \/>\t\t\t\t\t\t\t\t\t\t\t\t\t<\/div>\n\t\t\t\t<\/div>\n\t\t\t\t<div class=\"elementor-element elementor-element-74a7837 elementor-widget elementor-widget-text-editor\" data-id=\"74a7837\" data-element_type=\"widget\" data-widget_type=\"text-editor.default\">\n\t\t\t\t<div class=\"elementor-widget-container\">\n\t\t\t<style>\/*! elementor - v3.19.0 - 28-02-2024 *\/\n.elementor-widget-text-editor.elementor-drop-cap-view-stacked .elementor-drop-cap{background-color:#69727d;color:#fff}.elementor-widget-text-editor.elementor-drop-cap-view-framed .elementor-drop-cap{color:#69727d;border:3px solid;background-color:transparent}.elementor-widget-text-editor:not(.elementor-drop-cap-view-default) .elementor-drop-cap{margin-top:8px}.elementor-widget-text-editor:not(.elementor-drop-cap-view-default) .elementor-drop-cap-letter{width:1em;height:1em}.elementor-widget-text-editor .elementor-drop-cap{float:left;text-align:center;line-height:1;font-size:50px}.elementor-widget-text-editor .elementor-drop-cap-letter{display:inline-block}<\/style>\t\t\t\t<h4 style=\"text-align: center;\">Av. Sakine DEM\u0130R<\/h4><p style=\"text-align: center;\">Istanbul University\u2013 1993<\/p><p style=\"text-align: center;\"><strong>ACTIVITY AREA<\/strong><br \/>Business law<br \/>Law of Obligations<br \/>Family Law<br \/>Enforcement Commercial Law<\/p>\t\t\t\t\t\t<\/div>\n\t\t\t\t<\/div>\n\t\t\t\t\t<\/div>\n\t\t<\/div>\n\t\t\t\t<div class=\"elementor-column elementor-col-33 elementor-top-column elementor-element elementor-element-7f498fc\" data-id=\"7f498fc\" data-element_type=\"column\">\n\t\t\t<div class=\"elementor-widget-wrap elementor-element-populated\">\n\t\t\t\t\t\t<div class=\"elementor-element elementor-element-1a5253a elementor-widget elementor-widget-image\" data-id=\"1a5253a\" data-element_type=\"widget\" data-widget_type=\"image.default\">\n\t\t\t\t<div class=\"elementor-widget-container\">\n\t\t\t\t\t\t\t\t\t\t\t\t\t<img decoding=\"async\" width=\"150\" height=\"150\" src=\"https:\/\/www.kozhukuk.com\/wp-content\/uploads\/2024\/06\/favicon-1-150x150.png\" class=\"attachment-thumbnail size-thumbnail wp-image-14425\" alt=\"\" srcset=\"https:\/\/www.kozhukuk.com\/wp-content\/uploads\/2024\/06\/favicon-1-150x150.png 150w, https:\/\/www.kozhukuk.com\/wp-content\/uploads\/2024\/06\/favicon-1.png 300w\" sizes=\"(max-width: 150px) 100vw, 150px\" \/>\t\t\t\t\t\t\t\t\t\t\t\t\t<\/div>\n\t\t\t\t<\/div>\n\t\t\t\t<div class=\"elementor-element elementor-element-f191514 elementor-widget elementor-widget-text-editor\" data-id=\"f191514\" data-element_type=\"widget\" data-widget_type=\"text-editor.default\">\n\t\t\t\t<div class=\"elementor-widget-container\">\n\t\t\t\t\t\t\t<h4 style=\"text-align: center;\">Av. Yusuf TA\u015eIN<\/h4><p style=\"text-align: center;\">Marmara University\u2013 2003<\/p><p style=\"text-align: center;\"><strong>ACTIVITY AREA<\/strong><br \/>Criminal law<br \/>Enforcement Law<\/p>\t\t\t\t\t\t<\/div>\n\t\t\t\t<\/div>\n\t\t\t\t\t<\/div>\n\t\t<\/div>\n\t\t\t\t<div class=\"elementor-column elementor-col-33 elementor-top-column elementor-element elementor-element-cb500be\" data-id=\"cb500be\" data-element_type=\"column\">\n\t\t\t<div class=\"elementor-widget-wrap elementor-element-populated\">\n\t\t\t\t\t\t<div class=\"elementor-element elementor-element-d5e3b21 elementor-widget elementor-widget-image\" data-id=\"d5e3b21\" data-element_type=\"widget\" data-widget_type=\"image.default\">\n\t\t\t\t<div class=\"elementor-widget-container\">\n\t\t\t\t\t\t\t\t\t\t\t\t\t<img decoding=\"async\" width=\"150\" height=\"150\" src=\"https:\/\/www.kozhukuk.com\/wp-content\/uploads\/2024\/06\/favicon-1-150x150.png\" class=\"attachment-thumbnail size-thumbnail wp-image-14425\" alt=\"\" srcset=\"https:\/\/www.kozhukuk.com\/wp-content\/uploads\/2024\/06\/favicon-1-150x150.png 150w, https:\/\/www.kozhukuk.com\/wp-content\/uploads\/2024\/06\/favicon-1.png 300w\" sizes=\"(max-width: 150px) 100vw, 150px\" \/>\t\t\t\t\t\t\t\t\t\t\t\t\t<\/div>\n\t\t\t\t<\/div>\n\t\t\t\t<div class=\"elementor-element elementor-element-282217c elementor-widget elementor-widget-text-editor\" data-id=\"282217c\" data-element_type=\"widget\" data-widget_type=\"text-editor.default\">\n\t\t\t\t<div class=\"elementor-widget-container\">\n\t\t\t\t\t\t\t<h4 style=\"text-align: center;\">Av. Ahmet G. \u00c7ET\u0130NER<\/h4><p style=\"text-align: center;\">Istanbul Univ. Faculty of Law &#8211; 2003<\/p><p style=\"text-align: center;\"><strong>ACTIVITY AREA<\/strong><br \/><span class=\"jCAhz JxVs2d ChMk0b\"><span class=\"ryNqvb\">Business Law<br \/><\/span><\/span><span class=\"jCAhz JxVs2d ChMk0b\"><span class=\"ryNqvb\">Commercial Law<\/span><\/span><\/p>\t\t\t\t\t\t<\/div>\n\t\t\t\t<\/div>\n\t\t\t\t\t<\/div>\n\t\t<\/div>\n\t\t\t\t\t<\/div>\n\t\t<\/section>\n\t\t\t\t<section class=\"elementor-section elementor-top-section elementor-element elementor-element-0db6b88 elementor-section-boxed elementor-section-height-default elementor-section-height-default\" data-id=\"0db6b88\" data-element_type=\"section\">\n\t\t\t\t\t\t<div class=\"elementor-container elementor-column-gap-default\">\n\t\t\t\t\t<div class=\"elementor-column elementor-col-33 elementor-top-column elementor-element elementor-element-265a33b\" data-id=\"265a33b\" data-element_type=\"column\">\n\t\t\t<div class=\"elementor-widget-wrap\">\n\t\t\t\t\t\t\t<\/div>\n\t\t<\/div>\n\t\t\t\t<div class=\"elementor-column elementor-col-33 elementor-top-column elementor-element elementor-element-f2125b9\" data-id=\"f2125b9\" data-element_type=\"column\">\n\t\t\t<div class=\"elementor-widget-wrap\">\n\t\t\t\t\t\t\t<\/div>\n\t\t<\/div>\n\t\t\t\t<div class=\"elementor-column elementor-col-33 elementor-top-column elementor-element elementor-element-0c473b4\" data-id=\"0c473b4\" data-element_type=\"column\">\n\t\t\t<div class=\"elementor-widget-wrap\">\n\t\t\t\t\t\t\t<\/div>\n\t\t<\/div>\n\t\t\t\t\t<\/div>\n\t\t<\/section>\n\t\t\t\t<section class=\"elementor-section elementor-top-section elementor-element elementor-element-51943eb elementor-section-boxed elementor-section-height-default elementor-section-height-default\" data-id=\"51943eb\" data-element_type=\"section\">\n\t\t\t\t\t\t<div class=\"elementor-container elementor-column-gap-default\">\n\t\t\t\t\t<div class=\"elementor-column elementor-col-33 elementor-top-column elementor-element elementor-element-1eb273d\" data-id=\"1eb273d\" data-element_type=\"column\">\n\t\t\t<div class=\"elementor-widget-wrap elementor-element-populated\">\n\t\t\t\t\t\t<div class=\"elementor-element elementor-element-91f33d6 elementor-widget elementor-widget-image\" data-id=\"91f33d6\" data-element_type=\"widget\" data-widget_type=\"image.default\">\n\t\t\t\t<div class=\"elementor-widget-container\">\n\t\t\t\t\t\t\t\t\t\t\t\t\t<img decoding=\"async\" width=\"150\" height=\"150\" src=\"https:\/\/www.kozhukuk.com\/wp-content\/uploads\/2024\/06\/favicon-1-150x150.png\" class=\"attachment-thumbnail size-thumbnail wp-image-14425\" alt=\"\" srcset=\"https:\/\/www.kozhukuk.com\/wp-content\/uploads\/2024\/06\/favicon-1-150x150.png 150w, https:\/\/www.kozhukuk.com\/wp-content\/uploads\/2024\/06\/favicon-1.png 300w\" sizes=\"(max-width: 150px) 100vw, 150px\" \/>\t\t\t\t\t\t\t\t\t\t\t\t\t<\/div>\n\t\t\t\t<\/div>\n\t\t\t\t<div class=\"elementor-element elementor-element-428d8c8 elementor-widget elementor-widget-text-editor\" data-id=\"428d8c8\" data-element_type=\"widget\" data-widget_type=\"text-editor.default\">\n\t\t\t\t<div class=\"elementor-widget-container\">\n\t\t\t\t\t\t\t<h4 style=\"text-align: center;\">Av. Ziya Timur \u015eAH\u0130N<\/h4><p style=\"text-align: center;\">Istanbul University\u2013 1993<\/p><p style=\"text-align: center;\"><strong>ACTIVITY AREA<\/strong><br \/>Enforcement Law<br \/>Administrative law<br \/>Labor and Social Security Law<br \/>Family Law<\/p>\t\t\t\t\t\t<\/div>\n\t\t\t\t<\/div>\n\t\t\t\t\t<\/div>\n\t\t<\/div>\n\t\t\t\t<div class=\"elementor-column elementor-col-33 elementor-top-column elementor-element elementor-element-822d6f6\" data-id=\"822d6f6\" data-element_type=\"column\">\n\t\t\t<div class=\"elementor-widget-wrap elementor-element-populated\">\n\t\t\t\t\t\t<div class=\"elementor-element elementor-element-076bc1d elementor-widget elementor-widget-image\" data-id=\"076bc1d\" data-element_type=\"widget\" data-widget_type=\"image.default\">\n\t\t\t\t<div class=\"elementor-widget-container\">\n\t\t\t\t\t\t\t\t\t\t\t\t\t<img decoding=\"async\" width=\"150\" height=\"150\" src=\"https:\/\/www.kozhukuk.com\/wp-content\/uploads\/2024\/06\/favicon-1-150x150.png\" class=\"attachment-thumbnail size-thumbnail wp-image-14425\" alt=\"\" srcset=\"https:\/\/www.kozhukuk.com\/wp-content\/uploads\/2024\/06\/favicon-1-150x150.png 150w, https:\/\/www.kozhukuk.com\/wp-content\/uploads\/2024\/06\/favicon-1.png 300w\" sizes=\"(max-width: 150px) 100vw, 150px\" \/>\t\t\t\t\t\t\t\t\t\t\t\t\t<\/div>\n\t\t\t\t<\/div>\n\t\t\t\t<div class=\"elementor-element elementor-element-47cabc7 elementor-widget elementor-widget-text-editor\" data-id=\"47cabc7\" data-element_type=\"widget\" data-widget_type=\"text-editor.default\">\n\t\t\t\t<div class=\"elementor-widget-container\">\n\t\t\t\t\t\t\t<h4 style=\"text-align: center;\">Av. Metin \u00c7AKAL<\/h4><p style=\"text-align: center;\">Yalova University \u2013 Undergraduate 2014<br \/>Bahcesehir Univ. &#8211; Master&#8217;s Degree \u2013 2016 Graduate<\/p><p style=\"text-align: center;\"><strong>ACTIVITY AREA<\/strong><br \/>Enforcement Law<br \/>Law of Obligations<br \/>Commercial law<br \/>Family Law<\/p>\t\t\t\t\t\t<\/div>\n\t\t\t\t<\/div>\n\t\t\t\t\t<\/div>\n\t\t<\/div>\n\t\t\t\t<div class=\"elementor-column elementor-col-33 elementor-top-column elementor-element elementor-element-edb2140\" data-id=\"edb2140\" data-element_type=\"column\">\n\t\t\t<div class=\"elementor-widget-wrap elementor-element-populated\">\n\t\t\t\t\t\t<div class=\"elementor-element elementor-element-cecf728 elementor-widget elementor-widget-image\" data-id=\"cecf728\" data-element_type=\"widget\" data-widget_type=\"image.default\">\n\t\t\t\t<div class=\"elementor-widget-container\">\n\t\t\t\t\t\t\t\t\t\t\t\t\t<img decoding=\"async\" width=\"150\" height=\"150\" src=\"https:\/\/www.kozhukuk.com\/wp-content\/uploads\/2024\/06\/favicon-1-150x150.png\" class=\"attachment-thumbnail size-thumbnail wp-image-14425\" alt=\"\" srcset=\"https:\/\/www.kozhukuk.com\/wp-content\/uploads\/2024\/06\/favicon-1-150x150.png 150w, https:\/\/www.kozhukuk.com\/wp-content\/uploads\/2024\/06\/favicon-1.png 300w\" sizes=\"(max-width: 150px) 100vw, 150px\" \/>\t\t\t\t\t\t\t\t\t\t\t\t\t<\/div>\n\t\t\t\t<\/div>\n\t\t\t\t<div class=\"elementor-element elementor-element-10cffcd elementor-widget elementor-widget-text-editor\" data-id=\"10cffcd\" data-element_type=\"widget\" data-widget_type=\"text-editor.default\">\n\t\t\t\t<div class=\"elementor-widget-container\">\n\t\t\t\t\t\t\t<h4 style=\"text-align: center;\">Av. Ali Suphi KUR\u015eUN<\/h4><p style=\"text-align: center;\">Istanbul Univ. Faculty of Law \u2013 2016<br \/>Sel\u00e7uk University &#8211; Master&#8217;s Degree<br \/>PhD &#8211; Galatasaray University \u2013 Ongoing<\/p><p style=\"text-align: center;\"><strong>ACTIVITY AREA<\/strong><br \/>Consumer Law<br \/>Law of Obligations<br \/>Inheritance Law<br \/>Real Estate Law<\/p>\t\t\t\t\t\t<\/div>\n\t\t\t\t<\/div>\n\t\t\t\t\t<\/div>\n\t\t<\/div>\n\t\t\t\t\t<\/div>\n\t\t<\/section>\n\t\t\t\t<section class=\"elementor-section elementor-top-section elementor-element elementor-element-8009916 elementor-section-boxed elementor-section-height-default elementor-section-height-default\" data-id=\"8009916\" data-element_type=\"section\">\n\t\t\t\t\t\t<div class=\"elementor-container elementor-column-gap-default\">\n\t\t\t\t\t<div class=\"elementor-column elementor-col-33 elementor-top-column elementor-element elementor-element-a303605\" data-id=\"a303605\" data-element_type=\"column\">\n\t\t\t<div class=\"elementor-widget-wrap elementor-element-populated\">\n\t\t\t\t\t\t<div class=\"elementor-element elementor-element-ac0946f elementor-widget elementor-widget-image\" data-id=\"ac0946f\" data-element_type=\"widget\" data-widget_type=\"image.default\">\n\t\t\t\t<div class=\"elementor-widget-container\">\n\t\t\t\t\t\t\t\t\t\t\t\t\t<img decoding=\"async\" width=\"150\" height=\"150\" src=\"https:\/\/www.kozhukuk.com\/wp-content\/uploads\/2024\/06\/favicon-1-150x150.png\" class=\"attachment-thumbnail size-thumbnail wp-image-14425\" alt=\"\" srcset=\"https:\/\/www.kozhukuk.com\/wp-content\/uploads\/2024\/06\/favicon-1-150x150.png 150w, https:\/\/www.kozhukuk.com\/wp-content\/uploads\/2024\/06\/favicon-1.png 300w\" sizes=\"(max-width: 150px) 100vw, 150px\" \/>\t\t\t\t\t\t\t\t\t\t\t\t\t<\/div>\n\t\t\t\t<\/div>\n\t\t\t\t<div class=\"elementor-element elementor-element-22ab5c3 elementor-widget elementor-widget-text-editor\" data-id=\"22ab5c3\" data-element_type=\"widget\" data-widget_type=\"text-editor.default\">\n\t\t\t\t<div class=\"elementor-widget-container\">\n\t\t\t\t\t\t\t<h4 style=\"text-align: center;\">Av. Eda YILDIRIR<\/h4><p style=\"text-align: center;\">Bahcesehir Univ. Faculty of Law \u2013 2019 graduate<br \/>Bahcesehir Univ. Private Law Master&#8217;s Degree with Thesis \u2013 2022 Ongoing<\/p><p style=\"text-align: center;\"><strong>ACTIVITY AREA<\/strong><br \/>Business law<br \/>Law of Obligations<br \/>Enforcement Law<br \/>Family Law<\/p>\t\t\t\t\t\t<\/div>\n\t\t\t\t<\/div>\n\t\t\t\t\t<\/div>\n\t\t<\/div>\n\t\t\t\t<div class=\"elementor-column elementor-col-33 elementor-top-column elementor-element elementor-element-964a831\" data-id=\"964a831\" data-element_type=\"column\">\n\t\t\t<div class=\"elementor-widget-wrap elementor-element-populated\">\n\t\t\t\t\t\t<div class=\"elementor-element elementor-element-9631398 elementor-widget elementor-widget-image\" data-id=\"9631398\" data-element_type=\"widget\" data-widget_type=\"image.default\">\n\t\t\t\t<div class=\"elementor-widget-container\">\n\t\t\t\t\t\t\t\t\t\t\t\t\t<img decoding=\"async\" width=\"150\" height=\"150\" src=\"https:\/\/www.kozhukuk.com\/wp-content\/uploads\/2024\/06\/favicon-1-150x150.png\" class=\"attachment-thumbnail size-thumbnail wp-image-14425\" alt=\"\" srcset=\"https:\/\/www.kozhukuk.com\/wp-content\/uploads\/2024\/06\/favicon-1-150x150.png 150w, https:\/\/www.kozhukuk.com\/wp-content\/uploads\/2024\/06\/favicon-1.png 300w\" sizes=\"(max-width: 150px) 100vw, 150px\" \/>\t\t\t\t\t\t\t\t\t\t\t\t\t<\/div>\n\t\t\t\t<\/div>\n\t\t\t\t<div class=\"elementor-element elementor-element-e07fdcc elementor-widget elementor-widget-text-editor\" data-id=\"e07fdcc\" data-element_type=\"widget\" data-widget_type=\"text-editor.default\">\n\t\t\t\t<div class=\"elementor-widget-container\">\n\t\t\t\t\t\t\t<h4 style=\"text-align: center;\">Av. Funda G\u00fcl\u00fcm DORA<\/h4><p style=\"text-align: center;\">Istanbul Bilgi University &#8211; 2001<\/p><p style=\"text-align: center;\"><strong>ACTIVITY AREA<\/strong><br \/>Family Law<br \/>Inheritance Law<br \/>Law of Obligations<\/p>\t\t\t\t\t\t<\/div>\n\t\t\t\t<\/div>\n\t\t\t\t\t<\/div>\n\t\t<\/div>\n\t\t\t\t<div class=\"elementor-column elementor-col-33 elementor-top-column elementor-element elementor-element-2df9a1b\" data-id=\"2df9a1b\" data-element_type=\"column\">\n\t\t\t<div class=\"elementor-widget-wrap\">\n\t\t\t\t\t\t\t<\/div>\n\t\t<\/div>\n\t\t\t\t\t<\/div>\n\t\t<\/section>\n\t\t\t\t<\/div>\n\t\t","protected":false},"excerpt":{"rendered":"<p>Av. Sakine DEM\u0130R Istanbul University\u2013 1993 ACTIVITY AREABusiness lawLaw of ObligationsFamily LawEnforcement Commercial Law Av. Yusuf TA\u015eIN Marmara University\u2013 2003 ACTIVITY AREACriminal lawEnforcement Law Av. Ahmet G. \u00c7ET\u0130NER Istanbul Univ. Faculty of Law &#8211; 2003 ACTIVITY AREABusiness LawCommercial Law Av. Ziya Timur \u015eAH\u0130N Istanbul University\u2013 1993 ACTIVITY AREAEnforcement LawAdministrative lawLabor and Social Security LawFamily Law&#8230;<\/p>\n","protected":false},"author":1,"featured_media":0,"parent":0,"menu_order":0,"comment_status":"closed","ping_status":"closed","template":"","meta":{"footnotes":""},"class_list":["post-14375","page","type-page","status-publish","hentry"],"_links":{"self":[{"href":"https:\/\/www.kozhukuk.com\/en\/wp-json\/wp\/v2\/pages\/14375","targetHints":{"allow":["GET"]}}],"collection":[{"href":"https:\/\/www.kozhukuk.com\/en\/wp-json\/wp\/v2\/pages"}],"about":[{"href":"https:\/\/www.kozhukuk.com\/en\/wp-json\/wp\/v2\/types\/page"}],"author":[{"embeddable":true,"href":"https:\/\/www.kozhukuk.com\/en\/wp-json\/wp\/v2\/users\/1"}],"replies":[{"embeddable":true,"href":"https:\/\/www.kozhukuk.com\/en\/wp-json\/wp\/v2\/comments?post=14375"}],"version-history":[{"count":7,"href":"https:\/\/www.kozhukuk.com\/en\/wp-json\/wp\/v2\/pages\/14375\/revisions"}],"predecessor-version":[{"id":14430,"href":"https:\/\/www.kozhukuk.com\/en\/wp-json\/wp\/v2\/pages\/14375\/revisions\/14430"}],"wp:attachment":[{"href":"https:\/\/www.kozhukuk.com\/en\/wp-json\/wp\/v2\/media?parent=14375"}],"curies":[{"name":"wp","href":"https:\/\/api.w.org\/{rel}","templated":true}]}}