{"id":14391,"date":"2022-11-09T12:30:46","date_gmt":"2022-11-09T09:30:46","guid":{"rendered":"https:\/\/www.kozhukuk.com\/onemli-linkler\/"},"modified":"2022-12-21T00:14:27","modified_gmt":"2022-12-20T21:14:27","slug":"onemli-linkler","status":"publish","type":"page","link":"https:\/\/www.kozhukuk.com\/en\/onemli-linkler\/","title":{"rendered":"Important Links"},"content":{"rendered":"\t\t<div data-elementor-type=\"wp-page\" data-elementor-id=\"14391\" class=\"elementor elementor-14391 elementor-14143\" data-elementor-post-type=\"page\">\n\t\t\t\t\t\t<section class=\"elementor-section elementor-top-section elementor-element elementor-element-7713ed2 elementor-section-boxed elementor-section-height-default elementor-section-height-default\" data-id=\"7713ed2\" data-element_type=\"section\">\n\t\t\t\t\t\t<div class=\"elementor-container elementor-column-gap-default\">\n\t\t\t\t\t<div class=\"elementor-column elementor-col-25 elementor-top-column elementor-element elementor-element-b3f9b32\" data-id=\"b3f9b32\" data-element_type=\"column\">\n\t\t\t<div class=\"elementor-widget-wrap elementor-element-populated\">\n\t\t\t\t\t\t<div class=\"elementor-element elementor-element-f4f6b6a elementor-widget elementor-widget-image\" data-id=\"f4f6b6a\" data-element_type=\"widget\" data-widget_type=\"image.default\">\n\t\t\t\t<div class=\"elementor-widget-container\">\n\t\t\t<style>\/*! elementor - v3.19.0 - 28-02-2024 *\/\n.elementor-widget-image{text-align:center}.elementor-widget-image a{display:inline-block}.elementor-widget-image a img[src$=\".svg\"]{width:48px}.elementor-widget-image img{vertical-align:middle;display:inline-block}<\/style>\t\t\t\t\t\t\t\t\t\t\t<a href=\"https:\/\/www.anayasa.gov.tr\" target=\"_blank\">\n\t\t\t\t\t\t\t<img fetchpriority=\"high\" decoding=\"async\" width=\"300\" height=\"300\" src=\"https:\/\/www.kozhukuk.com\/wp-content\/uploads\/2022\/11\/AYM_logo.png\" class=\"attachment-large size-large wp-image-14145\" alt=\"\" srcset=\"https:\/\/www.kozhukuk.com\/wp-content\/uploads\/2022\/11\/AYM_logo.png 300w, https:\/\/www.kozhukuk.com\/wp-content\/uploads\/2022\/11\/AYM_logo-150x150.png 150w\" sizes=\"(max-width: 300px) 100vw, 300px\" \/>\t\t\t\t\t\t\t\t<\/a>\n\t\t\t\t\t\t\t\t\t\t\t\t\t<\/div>\n\t\t\t\t<\/div>\n\t\t\t\t<div class=\"elementor-element elementor-element-4581d0c elementor-widget elementor-widget-heading\" data-id=\"4581d0c\" data-element_type=\"widget\" data-widget_type=\"heading.default\">\n\t\t\t\t<div class=\"elementor-widget-container\">\n\t\t\t<style>\/*! elementor - v3.19.0 - 28-02-2024 *\/\n.elementor-heading-title{padding:0;margin:0;line-height:1}.elementor-widget-heading .elementor-heading-title[class*=elementor-size-]>a{color:inherit;font-size:inherit;line-height:inherit}.elementor-widget-heading .elementor-heading-title.elementor-size-small{font-size:15px}.elementor-widget-heading .elementor-heading-title.elementor-size-medium{font-size:19px}.elementor-widget-heading .elementor-heading-title.elementor-size-large{font-size:29px}.elementor-widget-heading .elementor-heading-title.elementor-size-xl{font-size:39px}.elementor-widget-heading .elementor-heading-title.elementor-size-xxl{font-size:59px}<\/style><h2 class=\"elementor-heading-title elementor-size-default\">T.C. Anayasa Mahkemesi<\/h2>\t\t<\/div>\n\t\t\t\t<\/div>\n\t\t\t\t\t<\/div>\n\t\t<\/div>\n\t\t\t\t<div class=\"elementor-column elementor-col-25 elementor-top-column elementor-element elementor-element-0394ac8\" data-id=\"0394ac8\" data-element_type=\"column\">\n\t\t\t<div class=\"elementor-widget-wrap elementor-element-populated\">\n\t\t\t\t\t\t<div class=\"elementor-element elementor-element-a7fd3b3 elementor-widget elementor-widget-image\" data-id=\"a7fd3b3\" data-element_type=\"widget\" data-widget_type=\"image.default\">\n\t\t\t\t<div class=\"elementor-widget-container\">\n\t\t\t\t\t\t\t\t\t\t\t\t\t\t<a href=\"https:\/\/www.yargitay.gov.tr\" target=\"_blank\">\n\t\t\t\t\t\t\t<img decoding=\"async\" width=\"300\" height=\"300\" src=\"https:\/\/www.kozhukuk.com\/wp-content\/uploads\/2022\/11\/Yargitay_logo.png\" class=\"attachment-large size-large wp-image-14151\" alt=\"\" srcset=\"https:\/\/www.kozhukuk.com\/wp-content\/uploads\/2022\/11\/Yargitay_logo.png 300w, https:\/\/www.kozhukuk.com\/wp-content\/uploads\/2022\/11\/Yargitay_logo-150x150.png 150w\" sizes=\"(max-width: 300px) 100vw, 300px\" \/>\t\t\t\t\t\t\t\t<\/a>\n\t\t\t\t\t\t\t\t\t\t\t\t\t<\/div>\n\t\t\t\t<\/div>\n\t\t\t\t<div class=\"elementor-element elementor-element-e80c3ed elementor-widget elementor-widget-heading\" data-id=\"e80c3ed\" data-element_type=\"widget\" data-widget_type=\"heading.default\">\n\t\t\t\t<div class=\"elementor-widget-container\">\n\t\t\t<h2 class=\"elementor-heading-title elementor-size-default\">T.C. Yarg\u0131tay Ba\u015fkanl\u0131\u011f\u0131<\/h2>\t\t<\/div>\n\t\t\t\t<\/div>\n\t\t\t\t\t<\/div>\n\t\t<\/div>\n\t\t\t\t<div class=\"elementor-column elementor-col-25 elementor-top-column elementor-element elementor-element-4e20b19\" data-id=\"4e20b19\" data-element_type=\"column\">\n\t\t\t<div class=\"elementor-widget-wrap elementor-element-populated\">\n\t\t\t\t\t\t<div class=\"elementor-element elementor-element-33d88c7 elementor-widget elementor-widget-image\" data-id=\"33d88c7\" data-element_type=\"widget\" data-widget_type=\"image.default\">\n\t\t\t\t<div class=\"elementor-widget-container\">\n\t\t\t\t\t\t\t\t\t\t\t\t\t\t<a href=\"https:\/\/www.danistay.gov.tr\" target=\"_blank\">\n\t\t\t\t\t\t\t<img decoding=\"async\" width=\"400\" height=\"400\" src=\"https:\/\/www.kozhukuk.com\/wp-content\/uploads\/2022\/11\/Danistay-logolar-645682.png\" class=\"attachment-large size-large wp-image-14146\" alt=\"\" srcset=\"https:\/\/www.kozhukuk.com\/wp-content\/uploads\/2022\/11\/Danistay-logolar-645682.png 400w, https:\/\/www.kozhukuk.com\/wp-content\/uploads\/2022\/11\/Danistay-logolar-645682-300x300.png 300w, https:\/\/www.kozhukuk.com\/wp-content\/uploads\/2022\/11\/Danistay-logolar-645682-150x150.png 150w\" sizes=\"(max-width: 400px) 100vw, 400px\" \/>\t\t\t\t\t\t\t\t<\/a>\n\t\t\t\t\t\t\t\t\t\t\t\t\t<\/div>\n\t\t\t\t<\/div>\n\t\t\t\t<div class=\"elementor-element elementor-element-b6f8cbe elementor-widget elementor-widget-heading\" data-id=\"b6f8cbe\" data-element_type=\"widget\" data-widget_type=\"heading.default\">\n\t\t\t\t<div class=\"elementor-widget-container\">\n\t\t\t<h2 class=\"elementor-heading-title elementor-size-default\">T.C. Dan\u0131\u015ftay Ba\u015fkanl\u0131\u011f\u0131<\/h2>\t\t<\/div>\n\t\t\t\t<\/div>\n\t\t\t\t\t<\/div>\n\t\t<\/div>\n\t\t\t\t<div class=\"elementor-column elementor-col-25 elementor-top-column elementor-element elementor-element-3f9f488\" data-id=\"3f9f488\" data-element_type=\"column\">\n\t\t\t<div class=\"elementor-widget-wrap elementor-element-populated\">\n\t\t\t\t\t\t<div class=\"elementor-element elementor-element-e7b3d75 elementor-widget elementor-widget-image\" data-id=\"e7b3d75\" data-element_type=\"widget\" data-widget_type=\"image.default\">\n\t\t\t\t<div class=\"elementor-widget-container\">\n\t\t\t\t\t\t\t\t\t\t\t\t\t\t<a href=\"https:\/\/www.barobirlik.org.tr\" target=\"_blank\">\n\t\t\t\t\t\t\t<img loading=\"lazy\" decoding=\"async\" width=\"500\" height=\"500\" src=\"https:\/\/www.kozhukuk.com\/wp-content\/uploads\/2022\/11\/tbb_amblem_500.png\" class=\"attachment-large size-large wp-image-14149\" alt=\"\" srcset=\"https:\/\/www.kozhukuk.com\/wp-content\/uploads\/2022\/11\/tbb_amblem_500.png 500w, https:\/\/www.kozhukuk.com\/wp-content\/uploads\/2022\/11\/tbb_amblem_500-300x300.png 300w, https:\/\/www.kozhukuk.com\/wp-content\/uploads\/2022\/11\/tbb_amblem_500-150x150.png 150w\" sizes=\"(max-width: 500px) 100vw, 500px\" \/>\t\t\t\t\t\t\t\t<\/a>\n\t\t\t\t\t\t\t\t\t\t\t\t\t<\/div>\n\t\t\t\t<\/div>\n\t\t\t\t<div class=\"elementor-element elementor-element-4307e4f elementor-widget elementor-widget-heading\" data-id=\"4307e4f\" data-element_type=\"widget\" data-widget_type=\"heading.default\">\n\t\t\t\t<div class=\"elementor-widget-container\">\n\t\t\t<h2 class=\"elementor-heading-title elementor-size-default\">T\u00fcrkiye Barolar Birli\u011fi<\/h2>\t\t<\/div>\n\t\t\t\t<\/div>\n\t\t\t\t\t<\/div>\n\t\t<\/div>\n\t\t\t\t\t<\/div>\n\t\t<\/section>\n\t\t\t\t<section class=\"elementor-section elementor-top-section elementor-element elementor-element-989ec15 elementor-section-boxed elementor-section-height-default elementor-section-height-default\" data-id=\"989ec15\" data-element_type=\"section\">\n\t\t\t\t\t\t<div class=\"elementor-container elementor-column-gap-default\">\n\t\t\t\t\t<div class=\"elementor-column elementor-col-25 elementor-top-column elementor-element elementor-element-9c4f2a4\" data-id=\"9c4f2a4\" data-element_type=\"column\">\n\t\t\t<div class=\"elementor-widget-wrap elementor-element-populated\">\n\t\t\t\t\t\t<div class=\"elementor-element elementor-element-380dd87 elementor-widget elementor-widget-image\" data-id=\"380dd87\" data-element_type=\"widget\" data-widget_type=\"image.default\">\n\t\t\t\t<div class=\"elementor-widget-container\">\n\t\t\t\t\t\t\t\t\t\t\t\t\t\t<a href=\"https:\/\/www.istanbulbarosu.org.tr\" target=\"_blank\">\n\t\t\t\t\t\t\t<img loading=\"lazy\" decoding=\"async\" width=\"300\" height=\"300\" src=\"https:\/\/www.kozhukuk.com\/wp-content\/uploads\/2022\/11\/istanbul-barosu-logo-6476464052-seeklogo.com_.png\" class=\"attachment-large size-large wp-image-14147\" alt=\"\" srcset=\"https:\/\/www.kozhukuk.com\/wp-content\/uploads\/2022\/11\/istanbul-barosu-logo-6476464052-seeklogo.com_.png 300w, https:\/\/www.kozhukuk.com\/wp-content\/uploads\/2022\/11\/istanbul-barosu-logo-6476464052-seeklogo.com_-150x150.png 150w\" sizes=\"(max-width: 300px) 100vw, 300px\" \/>\t\t\t\t\t\t\t\t<\/a>\n\t\t\t\t\t\t\t\t\t\t\t\t\t<\/div>\n\t\t\t\t<\/div>\n\t\t\t\t<div class=\"elementor-element elementor-element-7545c8b elementor-widget elementor-widget-heading\" data-id=\"7545c8b\" data-element_type=\"widget\" data-widget_type=\"heading.default\">\n\t\t\t\t<div class=\"elementor-widget-container\">\n\t\t\t<h2 class=\"elementor-heading-title elementor-size-default\">\u0130stanbul Barosu<\/h2>\t\t<\/div>\n\t\t\t\t<\/div>\n\t\t\t\t\t<\/div>\n\t\t<\/div>\n\t\t\t\t<div class=\"elementor-column elementor-col-25 elementor-top-column elementor-element elementor-element-8bf97c5\" data-id=\"8bf97c5\" data-element_type=\"column\">\n\t\t\t<div class=\"elementor-widget-wrap elementor-element-populated\">\n\t\t\t\t\t\t<div class=\"elementor-element elementor-element-337d157 elementor-widget elementor-widget-image\" data-id=\"337d157\" data-element_type=\"widget\" data-widget_type=\"image.default\">\n\t\t\t\t<div class=\"elementor-widget-container\">\n\t\t\t\t\t\t\t\t\t\t\t\t\t\t<a href=\"https:\/\/mevzuat.gov.tr\" target=\"_blank\">\n\t\t\t\t\t\t\t<img loading=\"lazy\" decoding=\"async\" width=\"300\" height=\"300\" src=\"https:\/\/www.kozhukuk.com\/wp-content\/uploads\/2022\/11\/mevzuat.jpg\" class=\"attachment-large size-large wp-image-14186\" alt=\"\" srcset=\"https:\/\/www.kozhukuk.com\/wp-content\/uploads\/2022\/11\/mevzuat.jpg 300w, https:\/\/www.kozhukuk.com\/wp-content\/uploads\/2022\/11\/mevzuat-150x150.jpg 150w\" sizes=\"(max-width: 300px) 100vw, 300px\" \/>\t\t\t\t\t\t\t\t<\/a>\n\t\t\t\t\t\t\t\t\t\t\t\t\t<\/div>\n\t\t\t\t<\/div>\n\t\t\t\t<div class=\"elementor-element elementor-element-d77f96f elementor-widget elementor-widget-heading\" data-id=\"d77f96f\" data-element_type=\"widget\" data-widget_type=\"heading.default\">\n\t\t\t\t<div class=\"elementor-widget-container\">\n\t\t\t<h2 class=\"elementor-heading-title elementor-size-default\">Mevzuat Bilgi Sistemi<\/h2>\t\t<\/div>\n\t\t\t\t<\/div>\n\t\t\t\t\t<\/div>\n\t\t<\/div>\n\t\t\t\t<div class=\"elementor-column elementor-col-25 elementor-top-column elementor-element elementor-element-818fcbf\" data-id=\"818fcbf\" data-element_type=\"column\">\n\t\t\t<div class=\"elementor-widget-wrap elementor-element-populated\">\n\t\t\t\t\t\t<div class=\"elementor-element elementor-element-b8b1bac elementor-widget elementor-widget-image\" data-id=\"b8b1bac\" data-element_type=\"widget\" data-widget_type=\"image.default\">\n\t\t\t\t<div class=\"elementor-widget-container\">\n\t\t\t\t\t\t\t\t\t\t\t\t\t\t<a href=\"https:\/\/vatandas.uyap.gov.tr\" target=\"_blank\">\n\t\t\t\t\t\t\t<img loading=\"lazy\" decoding=\"async\" width=\"213\" height=\"237\" src=\"https:\/\/www.kozhukuk.com\/wp-content\/uploads\/2022\/11\/uyap775b430e-a37b-4572-ae25-a04b553646b7.jpg\" class=\"attachment-large size-large wp-image-14150\" alt=\"\" \/>\t\t\t\t\t\t\t\t<\/a>\n\t\t\t\t\t\t\t\t\t\t\t\t\t<\/div>\n\t\t\t\t<\/div>\n\t\t\t\t<div class=\"elementor-element elementor-element-fa5f646 elementor-widget elementor-widget-heading\" data-id=\"fa5f646\" data-element_type=\"widget\" data-widget_type=\"heading.default\">\n\t\t\t\t<div class=\"elementor-widget-container\">\n\t\t\t<h2 class=\"elementor-heading-title elementor-size-default\">UYAP Bili\u015fim Sistemi<\/h2>\t\t<\/div>\n\t\t\t\t<\/div>\n\t\t\t\t\t<\/div>\n\t\t<\/div>\n\t\t\t\t<div class=\"elementor-column elementor-col-25 elementor-top-column elementor-element elementor-element-4cd38ab\" data-id=\"4cd38ab\" data-element_type=\"column\">\n\t\t\t<div class=\"elementor-widget-wrap\">\n\t\t\t\t\t\t\t<\/div>\n\t\t<\/div>\n\t\t\t\t\t<\/div>\n\t\t<\/section>\n\t\t\t\t<\/div>\n\t\t","protected":false},"excerpt":{"rendered":"<p>T.C. Anayasa Mahkemesi T.C. Yarg\u0131tay Ba\u015fkanl\u0131\u011f\u0131 T.C. Dan\u0131\u015ftay Ba\u015fkanl\u0131\u011f\u0131 T\u00fcrkiye Barolar Birli\u011fi \u0130stanbul Barosu Mevzuat Bilgi Sistemi UYAP Bili\u015fim Sistemi<\/p>\n","protected":false},"author":1,"featured_media":0,"parent":0,"menu_order":0,"comment_status":"closed","ping_status":"closed","template":"","meta":{"footnotes":""},"class_list":["post-14391","page","type-page","status-publish","hentry"],"_links":{"self":[{"href":"https:\/\/www.kozhukuk.com\/en\/wp-json\/wp\/v2\/pages\/14391","targetHints":{"allow":["GET"]}}],"collection":[{"href":"https:\/\/www.kozhukuk.com\/en\/wp-json\/wp\/v2\/pages"}],"about":[{"href":"https:\/\/www.kozhukuk.com\/en\/wp-json\/wp\/v2\/types\/page"}],"author":[{"embeddable":true,"href":"https:\/\/www.kozhukuk.com\/en\/wp-json\/wp\/v2\/users\/1"}],"replies":[{"embeddable":true,"href":"https:\/\/www.kozhukuk.com\/en\/wp-json\/wp\/v2\/comments?post=14391"}],"version-history":[{"count":1,"href":"https:\/\/www.kozhukuk.com\/en\/wp-json\/wp\/v2\/pages\/14391\/revisions"}],"predecessor-version":[{"id":14392,"href":"https:\/\/www.kozhukuk.com\/en\/wp-json\/wp\/v2\/pages\/14391\/revisions\/14392"}],"wp:attachment":[{"href":"https:\/\/www.kozhukuk.com\/en\/wp-json\/wp\/v2\/media?parent=14391"}],"curies":[{"name":"wp","href":"https:\/\/api.w.org\/{rel}","templated":true}]}}